{"id":140,"date":"2011-10-25T08:16:17","date_gmt":"2011-10-25T08:16:17","guid":{"rendered":"https:\/\/zzzfilm.com\/zzz\/?page_id=140"},"modified":"2011-10-25T08:19:53","modified_gmt":"2011-10-25T08:19:53","slug":"7-arzte-1-leiche-presse","status":"publish","type":"page","link":"https:\/\/zzzfilm.com\/zzz\/filme\/7-arzte-1-leiche\/7-arzte-1-leiche-presse\/","title":{"rendered":"7 \u00c4rzte 1 Leiche Presse"},"content":{"rendered":"<p><a href=\"https:\/\/zzzfilm.com\/zzz\/?page_id=130\"><img loading=\"lazy\" decoding=\"async\" src=\"https:\/\/zzzfilm.com\/zzz\/wp-content\/uploads\/2011\/10\/7aerzte.jpg\" alt=\"7 Aerzte 1 Leiche Dokumentation 1997\" title=\"7 \u00c4RZTE 1 LEICHE\" width=\"180\" height=\"120\" class=\"size-full wp-image-16\" srcset=\"https:\/\/zzzfilm.com\/zzz\/wp-content\/uploads\/2011\/10\/7aerzte.jpg 180w, https:\/\/zzzfilm.com\/zzz\/wp-content\/uploads\/2011\/10\/7aerzte-150x100.jpg 150w\" sizes=\"auto, (max-width: 180px) 100vw, 180px\" \/><\/a><\/p>\n<p>BZ, Montag 3. M\u00e4rz 1997<br \/>\n> Faksimile des Originalartikels<\/p>\n<p>SIEBEN \u00c4RZTE, EINE LEICHE<br \/>\nVon AXEL FROHN<\/p>\n<p>Mysteri\u00f6se Todesf\u00e4lle sind sein Leben: Prof. Dr. Otto Prokop, 75, ist erste Adresse in Deutschland &#8211; obwohl der langj\u00e4hrige Chef des Gerichtsmedizinischen Instituts der Humboldt-Uni l\u00e4ngst pensioniert ist. Heute das TV-Portr\u00e4t: &#8222;7 \u00c4rzte, 1 Leiche&#8220; (21.15, B 1). Der \u00d6sterreicher, der als 35j\u00e4hriger 1956 nach Ostberlin zog, hat neue Methoden zur Todeszeit- Bestimmung und zur Blutgruppenbestimmung entwickelt und daf\u00fcr mehr als 45 000 Tote seziert.<\/p>\n<p>BZ-Fragen: Stehen Sie dem Tod gef\u00fchllos gegen\u00fcber?<br \/>\n&#8222;Nein, der Verkehrstod eines Kindes ber\u00fchrt mich ebenso tief wie der Tod junger Frauen, die durch Quacksalberei ihr Leben verloren.&#8220;<\/p>\n<p>Ihre Fachkollegen verehren Sie auch Ihrer \u00e4rztlichen Ethik wegen&#8230;<br \/>\n&#8222;Auch das z\u00e4hlt zum guten Ruf. Beispiel: Eine deutsche Autofirma wollte mich mal \u00fcberreden, bei Crashtests mit Leichen teilzunehmen &#8211; abgelehnt.&#8220;<\/p>\n<p>Warum trifft man Sie immer noch am Wochenende im Institut?<br \/>\n&#8222;Es gibt noch so viel zu tun. Ich habe gerade mein Gutachten zum Tode von Peter Fechter an der Mauer 1962 fertiggestellt.&#8220;<\/p>\n<p>Sind Sie Fan von &#8222;Quincy&#8220;?<br \/>\n&#8222;Die Serie ist korrekt und unterhaltsam, meine Arbeit aber spannender. Ich forsche weiter an der Bestimmung von Blutgruppen an Hand von Fingerabdr\u00fccken.&#8220;<\/p>\n<p>Der Film \u00fcber Sie hei\u00dft &#8222;7 \u00c4rzte, 1 Leiche&#8220;. Warum?<br \/>\n&#8222;Es ist der Titel eines Bildes, das meine Mutter von mir und meinen Kollegen Ende der 50er Jahre gemalt hat. Es h\u00e4ngt in der Uni W\u00fcrzburg.&#8220;<\/p>\n","protected":false},"excerpt":{"rendered":"<p>BZ, Montag 3. M\u00e4rz 1997 > Faksimile des Originalartikels SIEBEN \u00c4RZTE, EINE LEICHE Von AXEL FROHN Mysteri\u00f6se Todesf\u00e4lle sind sein Leben: Prof. Dr. Otto Prokop, 75, ist erste Adresse in Deutschland &#8211; obwohl der langj\u00e4hrige Chef des Gerichtsmedizinischen Instituts der &hellip; <a href=\"https:\/\/zzzfilm.com\/zzz\/filme\/7-arzte-1-leiche\/7-arzte-1-leiche-presse\/\">Weiterlesen <span class=\"meta-nav\">&rarr;<\/span><\/a><\/p>\n","protected":false},"author":1,"featured_media":0,"parent":130,"menu_order":0,"comment_status":"open","ping_status":"open","template":"page_0.php","meta":{"footnotes":""},"class_list":["post-140","page","type-page","status-publish","hentry"],"_links":{"self":[{"href":"https:\/\/zzzfilm.com\/zzz\/wp-json\/wp\/v2\/pages\/140","targetHints":{"allow":["GET"]}}],"collection":[{"href":"https:\/\/zzzfilm.com\/zzz\/wp-json\/wp\/v2\/pages"}],"about":[{"href":"https:\/\/zzzfilm.com\/zzz\/wp-json\/wp\/v2\/types\/page"}],"author":[{"embeddable":true,"href":"https:\/\/zzzfilm.com\/zzz\/wp-json\/wp\/v2\/users\/1"}],"replies":[{"embeddable":true,"href":"https:\/\/zzzfilm.com\/zzz\/wp-json\/wp\/v2\/comments?post=140"}],"version-history":[{"count":4,"href":"https:\/\/zzzfilm.com\/zzz\/wp-json\/wp\/v2\/pages\/140\/revisions"}],"predecessor-version":[{"id":146,"href":"https:\/\/zzzfilm.com\/zzz\/wp-json\/wp\/v2\/pages\/140\/revisions\/146"}],"up":[{"embeddable":true,"href":"https:\/\/zzzfilm.com\/zzz\/wp-json\/wp\/v2\/pages\/130"}],"wp:attachment":[{"href":"https:\/\/zzzfilm.com\/zzz\/wp-json\/wp\/v2\/media?parent=140"}],"curies":[{"name":"wp","href":"https:\/\/api.w.org\/{rel}","templated":true}]}}