{"id":164,"date":"2011-10-25T08:40:24","date_gmt":"2011-10-25T08:40:24","guid":{"rendered":"https:\/\/zzzfilm.com\/zzz\/?page_id=164"},"modified":"2011-10-25T09:06:44","modified_gmt":"2011-10-25T09:06:44","slug":"isolator-ii-presse-franaise","status":"publish","type":"page","link":"https:\/\/zzzfilm.com\/zzz\/filme\/isolator-ii\/isolator-ii-presse-franaise\/","title":{"rendered":"Isolator II Presse fran\u00e7aise"},"content":{"rendered":"<p class=\"page-title\"><a href=\"https:\/\/zzzfilm.com\/zzz\/?page_id=149\"><img loading=\"lazy\" decoding=\"async\" src=\"https:\/\/zzzfilm.com\/zzz\/wp-content\/uploads\/2011\/10\/isolator2.jpg\" alt=\"Isolator II Dokumentarvideo 1996\" title=\"ISOLATOR II\" width=\"180\" height=\"120\" class=\"size-full wp-image-15\" srcset=\"https:\/\/zzzfilm.com\/zzz\/wp-content\/uploads\/2011\/10\/isolator2.jpg 180w, https:\/\/zzzfilm.com\/zzz\/wp-content\/uploads\/2011\/10\/isolator2-150x100.jpg 150w\" sizes=\"auto, (max-width: 180px) 100vw, 180px\" \/><\/a><\/p>\n<p class=\"page-title\"><a href=\"https:\/\/zzzfilm.com\/zzz\/?page_id=149\">\u2190 zur\u00fcck<\/a><\/p>\n<p>Le Monde, 4 Fev. 2000<br \/>\nTELEVISION ARTE<\/p>\n<p>(&#8230;) En revanche, le documentaire de Martin Zawadzki, Isolator II, est un regard juste sur les souffrances inflig\u00e9es \u00e0 un malade qui doit subir une greffe de moelle osseuse. R\u00e9flexion sur la recherche m\u00e9dicale, c&#8217;est aussi une ouverture sur les possibilit\u00e9s offertes, apr\u00e8s la gu\u00e9rison, par les psychoth\u00e9rapeutes.<\/p>\n<p>Le Pelerin du 28 janvier au 3 f\u00e9vrier 2000<\/p>\n<p>20h40<br \/>\nLe cancer. Vivre comme avant?<br \/>\nPour \u00e9voquer le cancer, cette Thema, r\u00e9alis\u00e9e par a television allemande, prend le parti du r\u00e9alisme. Un choix qui donne \u00e0 &#8218;ensemble de 1a soir\u00e9e une tonalit\u00e9 assez froide, quasi clinique, excluant pour une grande part la dimension \u00e9motionnelle et humaine de la maladie. Cette volont\u00e9 atteint son paroxysme \u00e0 23h15 dans \u00abIsolator II\u00bb, un documentaire qui d\u00e9passe rapidement les limites du supportable. Parce qu&#8217;il a lui-m\u00eame souffert d&#8217;un cancer, suivi d&#8217;une greffe de moelle osseuse, le realisateur Martin Zawadzki a voulu filmer le calvaire endur\u00e9 par un patient souffrant du m\u00eame mal. Sans le moindre m\u00e9nagement pour la sensibilit\u00e9 du t\u00e9l\u00e9spectateur, la cam\u00e9ra montre l&#8217;ensemble des \u00e9tapes du traitement. H\u00e9las, loin de susciter la compassion, ce proc\u00e9d\u00e9 de choc provoque plut\u00f4t le rejet, tant les images sont souvent insoutenables. (&#8230;) B.B.<\/p>\n<p>Famille Chretienne du 27 janvie au 2 f\u00e9vrier 2000<\/p>\n<p>Isolator II arte 23h10 Doc. \u2665\u2665 Adultes etgrands ados<\/p>\n<p>Cas de Hans Werner Knechten, 48 ans: seule une transplantation de moelle osseuse peut le sauver du cancer. Ses chances de survie? 50 %&#8230; Martin Zawadzki, qui a v\u00e9cu luim\u00eame cette terrible exp\u00e9rience, accompagne le patient avec sa cam\u00e9ra. II instille chez le spectateur les d\u00e9sagr\u00e9ables sensations du monde froid, asepts\u00e9, normatif et m\u00e9canique de la vie \u00absous bulle\u00bb, en h\u00f4pital. Le commentaire, parfois provocant, n&#8217;alt\u00e8re en rien ladmiration que suscite ce combat courageux d&#8217;un patient contre la mort. C.L.<\/p>\n<p>Paris Normandie jeudi 3 f\u00e9vrier 2000<\/p>\n<p>Vivre avec le cancer<br \/>\nCe jeudi 3 f\u00e9vrier<br \/>\nArte, 20 h 45.<\/p>\n<p>(&#8230;) Isolator II Pour Hans Werner Knechten, 48 ans, le diagnostic est tomb\u00e9: cancer. Seule une Transplantation de moelle osseuse est susceptible de le sauver. Martin Zawadzki, qui a fait Iui- m\u00eame cette difficile experience, va accompagner le patient avec sa cam\u00e9ra sur ce chemin entre la vie etla mort. Six semaines dans le service de r\u00e9animation d&#8217;un grand h\u00f4pital. Les chanccs de survie sont en moyenne de 50%. A partir de l&#8217;experience d&#8217;un homme qui accepte l&#8217;intervention parce qu&#8217;elle repr\u00e9sente pour lui la seule possibilit\u00e9 de surmonter son mal, ce documentaire offre une r\u00e9flexion sur la recherche m\u00e9dicale et la confrontation de l&#8217;individu avec un syst\u00e8me hospitalier ferm\u00e9 sur lui-m\u00eame.<\/p>\n<p>La Croix, 3 Fev. 2000<\/p>\n<p>Ils disent un long et douloureux combat<br \/>\nThema Le cancer vu \u00ab\u00e0 l&#8217;allemande\u00bb&#8230;<br \/>\nun c\u00f4t\u00e9 coup de poing parfois difficile \u00e0 soutenir<\/p>\n<p>(&#8230;) A 23.15, \u00abIsolator II \u00bb (allusion \u00e0 l&#8217;isolement de la chambre st\u00e9rile) aborde le prob1\u00e8me de la greffe de moelle \u00abderni\u00e8re chance\u00bb. Le r\u00e9a1isateur lie sa douloureuse exp\u00e9rience au parcours d&#8217;un patient d&#8217;aujourd&#8217;hui. Cultivant l&#8217;expressionnisme allemand, son film part dans de nombreuses directions et joue sur un r\u00e9alisme m\u00e9dical des plus \u00e9prouvants. Colette BOILLON<\/p>\n<p>TELE OBS du 29 janvier au 4 f\u00e9vrier 2000<\/p>\n<p>Soir\u00e9e th\u00e9matique: &#8222;Le Cancer, vivre comme avant ?&#8220; &#8211; 20h40 Arte<br \/>\nL&#8217;ennemi intime<\/p>\n<p>PAR FABIEN GRUHIER<br \/>\nUne soir\u00e9e entie\u00e8re consacr\u00e9e au cancer, il fallait oser. C&#8217;est l&#8217;honneur d&#8217;Arte que de s&#8217;attaquer \u00e0 une question qui concerne tout le monde<\/p>\n<p>(&#8230;) &#8222;Isolator II&#8220;<br \/>\nChemin de croix<\/p>\n<p>Quand la survie<br \/>\nd\u00e9pend d&#8217;une greife de moelle<\/p>\n<p>Difficile d&#8217;imaginer un titre plus appropri\u00e9 pour ce documentaire horrible (23h15). Pardon \u00e0 Hans Werner Knechten, le heros de l&#8217;histoire, que l&#8217;on voit cheminer entre la vie et la mort: l&#8217;horreur n&#8217;est pas de son fait. Mais on nous le montre alors que, pour survivre, il a absolument besoin d&#8217;une greffe de moelle osseuse. Et qu&#8217;il a beaucoup de mal \u00e0 obtenir satisfaction. Avec, pour seule motivation, une probabilit\u00e9 de survie de 50%. Et des semaines d&#8217;attente dans un service de r\u00e9animation&#8230; F. G<\/p>\n","protected":false},"excerpt":{"rendered":"<p>\u2190 zur\u00fcck Le Monde, 4 Fev. 2000 TELEVISION ARTE (&#8230;) En revanche, le documentaire de Martin Zawadzki, Isolator II, est un regard juste sur les souffrances inflig\u00e9es \u00e0 un malade qui doit subir une greffe de moelle osseuse. R\u00e9flexion sur &hellip; <a href=\"https:\/\/zzzfilm.com\/zzz\/filme\/isolator-ii\/isolator-ii-presse-franaise\/\">Weiterlesen <span class=\"meta-nav\">&rarr;<\/span><\/a><\/p>\n","protected":false},"author":1,"featured_media":0,"parent":149,"menu_order":0,"comment_status":"open","ping_status":"open","template":"page_0.php","meta":{"footnotes":""},"class_list":["post-164","page","type-page","status-publish","hentry"],"_links":{"self":[{"href":"https:\/\/zzzfilm.com\/zzz\/wp-json\/wp\/v2\/pages\/164","targetHints":{"allow":["GET"]}}],"collection":[{"href":"https:\/\/zzzfilm.com\/zzz\/wp-json\/wp\/v2\/pages"}],"about":[{"href":"https:\/\/zzzfilm.com\/zzz\/wp-json\/wp\/v2\/types\/page"}],"author":[{"embeddable":true,"href":"https:\/\/zzzfilm.com\/zzz\/wp-json\/wp\/v2\/users\/1"}],"replies":[{"embeddable":true,"href":"https:\/\/zzzfilm.com\/zzz\/wp-json\/wp\/v2\/comments?post=164"}],"version-history":[{"count":5,"href":"https:\/\/zzzfilm.com\/zzz\/wp-json\/wp\/v2\/pages\/164\/revisions"}],"predecessor-version":[{"id":170,"href":"https:\/\/zzzfilm.com\/zzz\/wp-json\/wp\/v2\/pages\/164\/revisions\/170"}],"up":[{"embeddable":true,"href":"https:\/\/zzzfilm.com\/zzz\/wp-json\/wp\/v2\/pages\/149"}],"wp:attachment":[{"href":"https:\/\/zzzfilm.com\/zzz\/wp-json\/wp\/v2\/media?parent=164"}],"curies":[{"name":"wp","href":"https:\/\/api.w.org\/{rel}","templated":true}]}}