{"id":172,"date":"2011-10-25T08:47:07","date_gmt":"2011-10-25T08:47:07","guid":{"rendered":"https:\/\/zzzfilm.com\/zzz\/?page_id=172"},"modified":"2011-10-25T09:07:25","modified_gmt":"2011-10-25T09:07:25","slug":"isolator-ii-adolf-grimme-preis","status":"publish","type":"page","link":"https:\/\/zzzfilm.com\/zzz\/filme\/isolator-ii\/isolator-ii-adolf-grimme-preis\/","title":{"rendered":"Isolator II Adolf Grimme Preis"},"content":{"rendered":"<p class=\"page-title\"><a href=\"https:\/\/zzzfilm.com\/zzz\/?page_id=149\"><img loading=\"lazy\" decoding=\"async\" src=\"https:\/\/zzzfilm.com\/zzz\/wp-content\/uploads\/2011\/10\/isolator2.jpg\" alt=\"Isolator II Dokumentarvideo 1996\" title=\"ISOLATOR II\" width=\"180\" height=\"120\" class=\"size-full wp-image-15\" srcset=\"https:\/\/zzzfilm.com\/zzz\/wp-content\/uploads\/2011\/10\/isolator2.jpg 180w, https:\/\/zzzfilm.com\/zzz\/wp-content\/uploads\/2011\/10\/isolator2-150x100.jpg 150w\" sizes=\"auto, (max-width: 180px) 100vw, 180px\" \/><\/a><\/p>\n<p class=\"page-title\"><a href=\"https:\/\/zzzfilm.com\/zzz\/?page_id=149\">\u2190 zur\u00fcck<\/a><\/p>\n<p>Adolf Grimme Preis an:<br \/>\nMartin Zawadzki (Buch \/ Regie)<\/p>\n<p>f\u00fcr Isolator II (SFB\/ZDF\/3sat)<br \/>\nProduktion: TAG\/TRAUM Film- und Videoproduktion, K\u00f6ln\/DFFB, Berlin<\/p>\n<p>BEGR\u00dcNDUNG DER JURY:<\/p>\n<p>F\u00fcr die Krebspatienten der sterilen Station der Uniklinik D\u00fcsseldorf ist der Isolationsraum die letzte Rettung. Um zu \u00fcberleben, setzen sie dort ihr Leben aufs Spiel: Vor der rettenden Organspende wird eine Bestrahlung das eigene Immunsystem zun\u00e4chst komplett zerst\u00f6ren. So sollen Unvertr\u00e4glichkeiten minimiert werden. St\u00f6\u00dft der K\u00f6rper das Transplantat trotzdem ab, ist die Ger\u00e4temedizin am Ende. Die Chancen stehen 50:50. Eine H\u00e4lfte stirbt, die andere lebt und ist geheilt. Martin Zawadzki hat diese Behandlung selbst durchgemacht. Jetzt begleitet er einen Patienten auf der sechs Wochen dauernden Tortur vom Leben in den Tod ins Leben. Der Feuerwehrmann Hans Werner Knechten, 48, ist eine vitale und willensstarke Pers\u00f6nlichkeit. Er hat das relative Gl\u00fcck eines relativ leichten Therapieverlaufs. Trotzdem scheint er fast an den schier unertr\u00e4glichen Schmerzen zu zerbrechen. Der Tod ist allgegenw\u00e4rtig. \u00bbIsolator II\u00ab geht diese existentielle Bedrohung mit allen Mitteln an. In strengem Rhythmus wechseln die Perspektiven: Das n\u00fcchterne Krankenblatt des Patienten korrespondiert mit derAngst der hilflosen Ehefrau. Der rationale Lehrfilm \u00fcber Transplantationsmethoden tritt in Dialog mit den spirituellen Lehren des Zen-Buddhismus. Mediziner und Krankenschwestern kommen zu Wort. Ein Therapeut sucht nach Hilfestellungen und ein Starchirurg einen Ausweg in der Philosophie. Die rigiden Methoden der modernen Apparatemedizin werden auf diese Weise in all ihrer lebensrettenden Faszination gezeigt und doch auch als hilflos und brutal entzaubert. Und schlie\u00dflich ist da noch der Autor selbst. Als k\u00f6nne er die Schmerzen des Feuerwehrmanns so auf sich nehmen, lenkt Zawadzki den Blick in den schw\u00e4rzesten Momenten der Transplantationstherapie auf sich: Ohne jedes Selbstmitleid berichtet er \u00fcber die eigene, durch die Knochenmarkspende \u00fcberwundene Krankheit und zeigt Fotoaufnahmen, die ihn krank, entstellt und verzweifelt zeigen. So vermag er den Feuerwehrmann Knechten vor der letzten Zudringlichkeit der Kamera zu sch\u00fctzen und sogar in dieser Extremsituation die notwendige Distanz zu wahren. Ohne Zawadzkis eigene traumatische \u00dcberlebenserfahrung h\u00e4tte dieser Essayfilm sicher nicht jene Eindringlichkeit und Einf\u00fchlung aufbringen k\u00f6nnen,die den Film so auszeichnen. \u00bbIsolator II\u00ab konnte nur von einem Betroffenen gemacht werden. Da\u00df es trotzdem kein Betroffenheitsfilm geworden ist, ist seine gro\u00dfe St\u00e4rke.<\/p>\n<p>Martin Zawadzki wurde 1957 in Oberhausen geboren und lebt in Berlin. Seit 1981 arbeitet er als bildender K\u00fcnstler und als Fotograf. 1995 absolvierte er die Deutsche Film- und Fernsehakademie Berlin. Sein erster Film, die 16-Millimeter-Dokumentation \u00bbSabra\u00ab (zusammen mit Armin Schneider) entstand jedoch bereits im Jahr 1986. Weitere Dokumentationen und Experimental Spielfilme auf 16 Millimeter und Video folgten. Isolator II erhielt 1996 in Duisburg den F\u00f6rderpreis der Deutschen Filmkritik.<\/p>\n","protected":false},"excerpt":{"rendered":"<p>\u2190 zur\u00fcck Adolf Grimme Preis an: Martin Zawadzki (Buch \/ Regie) f\u00fcr Isolator II (SFB\/ZDF\/3sat) Produktion: TAG\/TRAUM Film- und Videoproduktion, K\u00f6ln\/DFFB, Berlin BEGR\u00dcNDUNG DER JURY: F\u00fcr die Krebspatienten der sterilen Station der Uniklinik D\u00fcsseldorf ist der Isolationsraum die letzte Rettung. &hellip; <a href=\"https:\/\/zzzfilm.com\/zzz\/filme\/isolator-ii\/isolator-ii-adolf-grimme-preis\/\">Weiterlesen <span class=\"meta-nav\">&rarr;<\/span><\/a><\/p>\n","protected":false},"author":1,"featured_media":0,"parent":149,"menu_order":0,"comment_status":"open","ping_status":"open","template":"page_0.php","meta":{"footnotes":""},"class_list":["post-172","page","type-page","status-publish","hentry"],"_links":{"self":[{"href":"https:\/\/zzzfilm.com\/zzz\/wp-json\/wp\/v2\/pages\/172","targetHints":{"allow":["GET"]}}],"collection":[{"href":"https:\/\/zzzfilm.com\/zzz\/wp-json\/wp\/v2\/pages"}],"about":[{"href":"https:\/\/zzzfilm.com\/zzz\/wp-json\/wp\/v2\/types\/page"}],"author":[{"embeddable":true,"href":"https:\/\/zzzfilm.com\/zzz\/wp-json\/wp\/v2\/users\/1"}],"replies":[{"embeddable":true,"href":"https:\/\/zzzfilm.com\/zzz\/wp-json\/wp\/v2\/comments?post=172"}],"version-history":[{"count":4,"href":"https:\/\/zzzfilm.com\/zzz\/wp-json\/wp\/v2\/pages\/172\/revisions"}],"predecessor-version":[{"id":193,"href":"https:\/\/zzzfilm.com\/zzz\/wp-json\/wp\/v2\/pages\/172\/revisions\/193"}],"up":[{"embeddable":true,"href":"https:\/\/zzzfilm.com\/zzz\/wp-json\/wp\/v2\/pages\/149"}],"wp:attachment":[{"href":"https:\/\/zzzfilm.com\/zzz\/wp-json\/wp\/v2\/media?parent=172"}],"curies":[{"name":"wp","href":"https:\/\/api.w.org\/{rel}","templated":true}]}}