{"id":255,"date":"2011-10-25T10:21:27","date_gmt":"2011-10-25T10:21:27","guid":{"rendered":"https:\/\/zzzfilm.com\/zzz\/?page_id=255"},"modified":"2025-03-20T19:30:18","modified_gmt":"2025-03-20T18:30:18","slug":"skulpturen-objekte-fotografien","status":"publish","type":"page","link":"https:\/\/zzzfilm.com\/zzz\/skulpturen-objekte-fotografien\/","title":{"rendered":"Bildende Kunst"},"content":{"rendered":"\n<h2 class=\"wp-block-heading\">Skulpturen, Fotografien, Installationen, Druckgrafik<\/h2>\n\n\n\n<div style=\"height:47px\" aria-hidden=\"true\" class=\"wp-block-spacer\"><\/div>\n\n\n\n<figure class=\"wp-block-image size-full\"><img loading=\"lazy\" decoding=\"async\" width=\"560\" height=\"397\" src=\"https:\/\/zzzfilm.com\/zzz\/wp-content\/uploads\/2013\/10\/einladungskarte_scratching-kratzen.jpg\" alt=\"Ausstellung Scratching \/ Kratzen 2013\" class=\"wp-image-414\" srcset=\"https:\/\/zzzfilm.com\/zzz\/wp-content\/uploads\/2013\/10\/einladungskarte_scratching-kratzen.jpg 560w, https:\/\/zzzfilm.com\/zzz\/wp-content\/uploads\/2013\/10\/einladungskarte_scratching-kratzen-300x212.jpg 300w, https:\/\/zzzfilm.com\/zzz\/wp-content\/uploads\/2013\/10\/einladungskarte_scratching-kratzen-150x106.jpg 150w\" sizes=\"auto, (max-width: 560px) 100vw, 560px\" \/><\/figure>\n\n\n\n<p><a href=\"https:\/\/zzzfilm.com\/zzz\/scratching-kratzen-25-10-2013-23-11-2013\/\" data-type=\"link\" data-id=\"https:\/\/zzzfilm.com\/zzz\/scratching-kratzen-25-10-2013-23-11-2013\/\">&gt;&gt; <strong>Scratching \/ Kratzen<\/strong><\/a><br><\/p>\n\n\n\n<p>2013 Scratching \/ Kratzen<br>Ausstellung in der Galerie After The Butcher, Berlin<\/p>\n\n\n\n<div style=\"height:47px\" aria-hidden=\"true\" class=\"wp-block-spacer\"><\/div>\n\n\n\n<p>2023 WEITER IM TEXT, Werkschau, U124 Galerie Thomas Seidemann, kuratiert v. Nathalie Steinbart<br>2020 CAPTURA TEMPORAL, (Gruppenausstellung), Casa L\u00fc, Mexiko Stadt <br>2017 SCRATCHINGS (L.A. MIRRORS \/BERLIN S-Bahn) U124, Ausstellungsraum von Thomas Seidemann und Simon Marschke<br>2015 FLUCHT Videoinstallation Galerie Joliba, Berlin<br>2014 <a href=\"http:\/\/www.ozean-berlin.com\/index.php?id=231\" target=\"_blank\" rel=\"noreferrer noopener\">OZEAN<\/a> (Berlin Art Week) (Gruppenausstellung)<br>2014 HAUSBESETZER (Gruppenausstellung) mit Annette Weisser und Sinta Werner, Nassauischer Kunstverein Wiesbaden<br>2014 SCRATCHING- KRATZEN Installation beim <a href=\"https:\/\/dokka.de\/a\/scratching-kratzen\" target=\"_blank\" rel=\"noreferrer noopener\">dokka Dokumentarfestival<\/a>, Karlsruhe<br>2013 SCRATCHING \u2013 KRATZEN Galerie <a href=\"http:\/\/www.scratching-kratzen.de\" target=\"_blank\" rel=\"noreferrer noopener\">After The Butcher<\/a>, Berlin<br>2012 MYSTERIUM FIDEI, Urania, Berlin<br>1998 Baustop.randstadt, Berlin<br>1997 Faktor Arbeit, NGBK Berlin, Documenta X, Kassel (Hybrid workspace)<\/p>\n\n\n\n<div style=\"height:47px\" aria-hidden=\"true\" class=\"wp-block-spacer\"><\/div>\n\n\n\n<p class=\"page-title\"><a href=\"https:\/\/zzzfilm.com\/zzz\/?page_id=261\">&gt;  Projekte und Ausstellungen 1983 &#8211; 1997<\/a><\/p>\n\n\n\n<p class=\"page-title\"><\/p>\n\n\n\n<p><br> 1993 European Media Art Festival, Osnabr\u00fcck<br> 1991 45. Bergische Kunstausstellung (St\u00e4dtische Galerie im Deutschen Klingenmuseum, Solingen)<br> 1988 3. RischArt Preis, Kunst im \u00f6ffentlichen Raum (Atelierhaus Klenzestra\u00dfe, M\u00fcnchen)<br> 1987 Jeune Sculpture (Port d&#8217;Austerlitz, Paris, Frankreich)<br> 1987 Te &#8211; mpo (CREDAC, Centre d&#8217;Art Contemporain, Ivry s. Seine, Frankreich)<br> 1986 Sieben Beispiele zeitgen\u00f6ssischer Kunst (Altes Museum, M\u00f6nchengladbach)<br> 1985 Te &#8211; mpo (mit C.Wachtmeister) (Galerie 6 in 36, Berlin)<br> 1985 11x Ausstellung der Stipendiaten des Senators f. kult. Angelegenheiten Berlin (Galerie im K\u00f6rnerpark)<br> 1985 Installationen Performances (De Dylemolens, Leuven\/Belgien)<br> 1984 Das Minigolfprojekt (Berlin)<br> 1984 = Hetal &#8211; klimatisch = (Material und Wirkung e.V., Pankehallen, Berlin)<br> 1984 Neue Malerei in Deutschland (Nationalgalerie, Berlin; Haus der Kunst, M\u00fcnchen; St\u00e4dtische Kunsthalle D\u00fcsseldorf)<br> 1983 Installationen (Fabrikhalle, Viersen)<br> 1983 Projekt = Hetal = (Material und Wirkung e.V., Pankehallen Halle 3, Berlin)<\/p>\n\n\n\n<p><\/p>\n","protected":false},"excerpt":{"rendered":"<p>Skulpturen, Fotografien, Installationen, Druckgrafik &gt;&gt; Scratching \/ Kratzen 2013 Scratching \/ KratzenAusstellung in der Galerie After The Butcher, Berlin 2023 WEITER IM TEXT, Werkschau, U124 Galerie Thomas Seidemann, kuratiert v. Nathalie Steinbart2020 CAPTURA TEMPORAL, (Gruppenausstellung), Casa L\u00fc, Mexiko Stadt 2017 &hellip; <a href=\"https:\/\/zzzfilm.com\/zzz\/skulpturen-objekte-fotografien\/\">Weiterlesen <span class=\"meta-nav\">&rarr;<\/span><\/a><\/p>\n","protected":false},"author":1,"featured_media":0,"parent":0,"menu_order":0,"comment_status":"open","ping_status":"open","template":"page_0.php","meta":{"footnotes":""},"class_list":["post-255","page","type-page","status-publish","hentry"],"_links":{"self":[{"href":"https:\/\/zzzfilm.com\/zzz\/wp-json\/wp\/v2\/pages\/255","targetHints":{"allow":["GET"]}}],"collection":[{"href":"https:\/\/zzzfilm.com\/zzz\/wp-json\/wp\/v2\/pages"}],"about":[{"href":"https:\/\/zzzfilm.com\/zzz\/wp-json\/wp\/v2\/types\/page"}],"author":[{"embeddable":true,"href":"https:\/\/zzzfilm.com\/zzz\/wp-json\/wp\/v2\/users\/1"}],"replies":[{"embeddable":true,"href":"https:\/\/zzzfilm.com\/zzz\/wp-json\/wp\/v2\/comments?post=255"}],"version-history":[{"count":31,"href":"https:\/\/zzzfilm.com\/zzz\/wp-json\/wp\/v2\/pages\/255\/revisions"}],"predecessor-version":[{"id":680,"href":"https:\/\/zzzfilm.com\/zzz\/wp-json\/wp\/v2\/pages\/255\/revisions\/680"}],"wp:attachment":[{"href":"https:\/\/zzzfilm.com\/zzz\/wp-json\/wp\/v2\/media?parent=255"}],"curies":[{"name":"wp","href":"https:\/\/api.w.org\/{rel}","templated":true}]}}