{"id":261,"date":"2011-10-25T10:24:04","date_gmt":"2011-10-25T08:24:04","guid":{"rendered":"https:\/\/zzzfilm.com\/zzz\/?page_id=261"},"modified":"2025-03-26T13:56:11","modified_gmt":"2025-03-26T12:56:11","slug":"projekte-und-ausstellungen-1983-1997","status":"publish","type":"page","link":"https:\/\/zzzfilm.com\/zzz\/skulpturen-objekte-fotografien\/projekte-und-ausstellungen-1983-1997\/","title":{"rendered":"Projekte und Ausstellungen 1983 &#8211; 1997"},"content":{"rendered":"\n\t\t<style type=\"text\/css\">\n\t\t\t#gallery-1 {\n\t\t\t\tmargin: auto;\n\t\t\t}\n\t\t\t#gallery-1 .gallery-item {\n\t\t\t\tfloat: left;\n\t\t\t\tmargin-top: 10px;\n\t\t\t\ttext-align: center;\n\t\t\t\twidth: 25%;\n\t\t\t}\n\t\t\t#gallery-1 img {\n\t\t\t\tborder: 2px solid #cfcfcf;\n\t\t\t}\n\t\t\t#gallery-1 .gallery-caption {\n\t\t\t\tmargin-left: 0;\n\t\t\t}\n\t\t\t\/* see gallery_shortcode() in wp-includes\/media.php *\/\n\t\t<\/style>\n\t\t<div id='gallery-1' class='gallery galleryid-261 gallery-columns-4 gallery-size-thumbnail'><dl class='gallery-item'>\n\t\t\t<dt class='gallery-icon landscape'>\n\t\t\t\t<a href='https:\/\/zzzfilm.com\/zzz\/skulpturen-objekte-fotografien\/projekte-und-ausstellungen-1983-1997\/gelbesdreieck\/'><img loading=\"lazy\" decoding=\"async\" width=\"150\" height=\"97\" src=\"https:\/\/zzzfilm.com\/zzz\/wp-content\/uploads\/2011\/10\/gelbesdreieck-150x97.jpg\" class=\"attachment-thumbnail size-thumbnail\" alt=\"gelbes dreieck\" aria-describedby=\"gallery-1-263\" srcset=\"https:\/\/zzzfilm.com\/zzz\/wp-content\/uploads\/2011\/10\/gelbesdreieck-150x97.jpg 150w, https:\/\/zzzfilm.com\/zzz\/wp-content\/uploads\/2011\/10\/gelbesdreieck-300x194.jpg 300w, https:\/\/zzzfilm.com\/zzz\/wp-content\/uploads\/2011\/10\/gelbesdreieck.jpg 370w\" sizes=\"auto, (max-width: 150px) 100vw, 150px\" \/><\/a>\n\t\t\t<\/dt>\n\t\t\t\t<dd class='wp-caption-text gallery-caption' id='gallery-1-263'>\n\t\t\t\tgelbes dreieck  dispersion fotografie 60x90cm 1982\n\t\t\t\t<\/dd><\/dl><dl class='gallery-item'>\n\t\t\t<dt class='gallery-icon landscape'>\n\t\t\t\t<a href='https:\/\/zzzfilm.com\/zzz\/skulpturen-objekte-fotografien\/projekte-und-ausstellungen-1983-1997\/asphaltblau1\/'><img loading=\"lazy\" decoding=\"async\" width=\"150\" height=\"103\" src=\"https:\/\/zzzfilm.com\/zzz\/wp-content\/uploads\/2011\/10\/asphaltblau1-150x103.jpg\" class=\"attachment-thumbnail size-thumbnail\" alt=\"blauer asphalt\" aria-describedby=\"gallery-1-264\" srcset=\"https:\/\/zzzfilm.com\/zzz\/wp-content\/uploads\/2011\/10\/asphaltblau1-150x103.jpg 150w, https:\/\/zzzfilm.com\/zzz\/wp-content\/uploads\/2011\/10\/asphaltblau1-300x207.jpg 300w, https:\/\/zzzfilm.com\/zzz\/wp-content\/uploads\/2011\/10\/asphaltblau1.jpg 370w\" sizes=\"auto, (max-width: 150px) 100vw, 150px\" \/><\/a>\n\t\t\t<\/dt>\n\t\t\t\t<dd class='wp-caption-text gallery-caption' id='gallery-1-264'>\n\t\t\t\tblauer asphalt  dispersion fotografie 60x40cm 1982\n\t\t\t\t<\/dd><\/dl><dl class='gallery-item'>\n\t\t\t<dt class='gallery-icon landscape'>\n\t\t\t\t<a href='https:\/\/zzzfilm.com\/zzz\/skulpturen-objekte-fotografien\/projekte-und-ausstellungen-1983-1997\/asphaltblau2\/'><img loading=\"lazy\" decoding=\"async\" width=\"150\" height=\"101\" src=\"https:\/\/zzzfilm.com\/zzz\/wp-content\/uploads\/2011\/10\/asphaltblau2-150x101.jpg\" class=\"attachment-thumbnail size-thumbnail\" alt=\"blauer asphalt\" aria-describedby=\"gallery-1-265\" srcset=\"https:\/\/zzzfilm.com\/zzz\/wp-content\/uploads\/2011\/10\/asphaltblau2-150x101.jpg 150w, https:\/\/zzzfilm.com\/zzz\/wp-content\/uploads\/2011\/10\/asphaltblau2-300x203.jpg 300w, https:\/\/zzzfilm.com\/zzz\/wp-content\/uploads\/2011\/10\/asphaltblau2.jpg 370w\" sizes=\"auto, (max-width: 150px) 100vw, 150px\" \/><\/a>\n\t\t\t<\/dt>\n\t\t\t\t<dd class='wp-caption-text gallery-caption' id='gallery-1-265'>\n\t\t\t\tblauer asphalt  dispersion fotografie 60x40cm 1982\n\t\t\t\t<\/dd><\/dl><dl class='gallery-item'>\n\t\t\t<dt class='gallery-icon landscape'>\n\t\t\t\t<a href='https:\/\/zzzfilm.com\/zzz\/skulpturen-objekte-fotografien\/projekte-und-ausstellungen-1983-1997\/asphaltblau3\/'><img loading=\"lazy\" decoding=\"async\" width=\"150\" height=\"104\" src=\"https:\/\/zzzfilm.com\/zzz\/wp-content\/uploads\/2011\/10\/asphaltblau3-150x104.jpg\" class=\"attachment-thumbnail size-thumbnail\" alt=\"blauer asphalt\" aria-describedby=\"gallery-1-266\" srcset=\"https:\/\/zzzfilm.com\/zzz\/wp-content\/uploads\/2011\/10\/asphaltblau3-150x104.jpg 150w, https:\/\/zzzfilm.com\/zzz\/wp-content\/uploads\/2011\/10\/asphaltblau3-300x208.jpg 300w, https:\/\/zzzfilm.com\/zzz\/wp-content\/uploads\/2011\/10\/asphaltblau3.jpg 370w\" sizes=\"auto, (max-width: 150px) 100vw, 150px\" \/><\/a>\n\t\t\t<\/dt>\n\t\t\t\t<dd class='wp-caption-text gallery-caption' id='gallery-1-266'>\n\t\t\t\tblauer asphalt  dispersion fotografie 60x40cm 1982\n\t\t\t\t<\/dd><\/dl><br style=\"clear: both\" \/><dl class='gallery-item'>\n\t\t\t<dt class='gallery-icon landscape'>\n\t\t\t\t<a href='https:\/\/zzzfilm.com\/zzz\/skulpturen-objekte-fotografien\/projekte-und-ausstellungen-1983-1997\/rotasphalt1\/'><img loading=\"lazy\" decoding=\"async\" width=\"150\" height=\"100\" src=\"https:\/\/zzzfilm.com\/zzz\/wp-content\/uploads\/2011\/10\/rotasphalt1-150x100.jpg\" class=\"attachment-thumbnail size-thumbnail\" alt=\"rot\" aria-describedby=\"gallery-1-554\" srcset=\"https:\/\/zzzfilm.com\/zzz\/wp-content\/uploads\/2011\/10\/rotasphalt1-150x100.jpg 150w, https:\/\/zzzfilm.com\/zzz\/wp-content\/uploads\/2011\/10\/rotasphalt1-300x200.jpg 300w, https:\/\/zzzfilm.com\/zzz\/wp-content\/uploads\/2011\/10\/rotasphalt1.jpg 370w\" sizes=\"auto, (max-width: 150px) 100vw, 150px\" \/><\/a>\n\t\t\t<\/dt>\n\t\t\t\t<dd class='wp-caption-text gallery-caption' id='gallery-1-554'>\n\t\t\t\trot &#8211; dispersion fotografie 60x40cm\n\t\t\t\t<\/dd><\/dl><dl class='gallery-item'>\n\t\t\t<dt class='gallery-icon landscape'>\n\t\t\t\t<a href='https:\/\/zzzfilm.com\/zzz\/skulpturen-objekte-fotografien\/projekte-und-ausstellungen-1983-1997\/rotasphalt2\/'><img loading=\"lazy\" decoding=\"async\" width=\"150\" height=\"100\" src=\"https:\/\/zzzfilm.com\/zzz\/wp-content\/uploads\/2011\/10\/rotasphalt2-150x100.jpg\" class=\"attachment-thumbnail size-thumbnail\" alt=\"rot\" aria-describedby=\"gallery-1-555\" srcset=\"https:\/\/zzzfilm.com\/zzz\/wp-content\/uploads\/2011\/10\/rotasphalt2-150x100.jpg 150w, https:\/\/zzzfilm.com\/zzz\/wp-content\/uploads\/2011\/10\/rotasphalt2-300x200.jpg 300w, https:\/\/zzzfilm.com\/zzz\/wp-content\/uploads\/2011\/10\/rotasphalt2.jpg 370w\" sizes=\"auto, (max-width: 150px) 100vw, 150px\" \/><\/a>\n\t\t\t<\/dt>\n\t\t\t\t<dd class='wp-caption-text gallery-caption' id='gallery-1-555'>\n\t\t\t\trot &#8211; dispersion fotografie 60x40cm\n\t\t\t\t<\/dd><\/dl><dl class='gallery-item'>\n\t\t\t<dt class='gallery-icon landscape'>\n\t\t\t\t<a href='https:\/\/zzzfilm.com\/zzz\/skulpturen-objekte-fotografien\/projekte-und-ausstellungen-1983-1997\/rotasphalt3\/'><img loading=\"lazy\" decoding=\"async\" width=\"150\" height=\"100\" src=\"https:\/\/zzzfilm.com\/zzz\/wp-content\/uploads\/2011\/10\/rotasphalt3-150x100.jpg\" class=\"attachment-thumbnail size-thumbnail\" alt=\"rot\" aria-describedby=\"gallery-1-556\" srcset=\"https:\/\/zzzfilm.com\/zzz\/wp-content\/uploads\/2011\/10\/rotasphalt3-150x100.jpg 150w, https:\/\/zzzfilm.com\/zzz\/wp-content\/uploads\/2011\/10\/rotasphalt3-300x200.jpg 300w, https:\/\/zzzfilm.com\/zzz\/wp-content\/uploads\/2011\/10\/rotasphalt3.jpg 370w\" sizes=\"auto, (max-width: 150px) 100vw, 150px\" \/><\/a>\n\t\t\t<\/dt>\n\t\t\t\t<dd class='wp-caption-text gallery-caption' id='gallery-1-556'>\n\t\t\t\trot &#8211; dispersion fotografie 60x40cm\n\t\t\t\t<\/dd><\/dl><dl class='gallery-item'>\n\t\t\t<dt class='gallery-icon landscape'>\n\t\t\t\t<a href='https:\/\/zzzfilm.com\/zzz\/skulpturen-objekte-fotografien\/projekte-und-ausstellungen-1983-1997\/gruenasphalt-2\/'><img loading=\"lazy\" decoding=\"async\" width=\"150\" height=\"100\" src=\"https:\/\/zzzfilm.com\/zzz\/wp-content\/uploads\/2018\/03\/gruenasphalt-1-150x100.jpg\" class=\"attachment-thumbnail size-thumbnail\" alt=\"gr\u00fcn\" aria-describedby=\"gallery-1-570\" srcset=\"https:\/\/zzzfilm.com\/zzz\/wp-content\/uploads\/2018\/03\/gruenasphalt-1-150x100.jpg 150w, https:\/\/zzzfilm.com\/zzz\/wp-content\/uploads\/2018\/03\/gruenasphalt-1-300x200.jpg 300w, https:\/\/zzzfilm.com\/zzz\/wp-content\/uploads\/2018\/03\/gruenasphalt-1.jpg 370w\" sizes=\"auto, (max-width: 150px) 100vw, 150px\" \/><\/a>\n\t\t\t<\/dt>\n\t\t\t\t<dd class='wp-caption-text gallery-caption' id='gallery-1-570'>\n\t\t\t\tgr\u00fcn &#8211; dispersion fotografie 60x40cm\n\t\t\t\t<\/dd><\/dl><br style=\"clear: both\" \/><dl class='gallery-item'>\n\t\t\t<dt class='gallery-icon portrait'>\n\t\t\t\t<a href='https:\/\/zzzfilm.com\/zzz\/skulpturen-objekte-fotografien\/projekte-und-ausstellungen-1983-1997\/lichtschacht\/'><img loading=\"lazy\" decoding=\"async\" width=\"122\" height=\"150\" src=\"https:\/\/zzzfilm.com\/zzz\/wp-content\/uploads\/2011\/10\/lichtschacht-122x150.jpg\" class=\"attachment-thumbnail size-thumbnail\" alt=\"lichtschacht\" aria-describedby=\"gallery-1-267\" srcset=\"https:\/\/zzzfilm.com\/zzz\/wp-content\/uploads\/2011\/10\/lichtschacht-122x150.jpg 122w, https:\/\/zzzfilm.com\/zzz\/wp-content\/uploads\/2011\/10\/lichtschacht-245x300.jpg 245w, https:\/\/zzzfilm.com\/zzz\/wp-content\/uploads\/2011\/10\/lichtschacht.jpg 300w\" sizes=\"auto, (max-width: 122px) 100vw, 122px\" \/><\/a>\n\t\t\t<\/dt>\n\t\t\t\t<dd class='wp-caption-text gallery-caption' id='gallery-1-267'>\n\t\t\t\tlichtschacht  1983\n\t\t\t\t<\/dd><\/dl><dl class='gallery-item'>\n\t\t\t<dt class='gallery-icon landscape'>\n\t\t\t\t<a href='https:\/\/zzzfilm.com\/zzz\/skulpturen-objekte-fotografien\/projekte-und-ausstellungen-1983-1997\/heizluftraum1\/'><img loading=\"lazy\" decoding=\"async\" width=\"150\" height=\"100\" src=\"https:\/\/zzzfilm.com\/zzz\/wp-content\/uploads\/2011\/10\/heizluftraum1-150x100.jpg\" class=\"attachment-thumbnail size-thumbnail\" alt=\"heizluftraum\" aria-describedby=\"gallery-1-268\" srcset=\"https:\/\/zzzfilm.com\/zzz\/wp-content\/uploads\/2011\/10\/heizluftraum1-150x100.jpg 150w, https:\/\/zzzfilm.com\/zzz\/wp-content\/uploads\/2011\/10\/heizluftraum1-300x199.jpg 300w, https:\/\/zzzfilm.com\/zzz\/wp-content\/uploads\/2011\/10\/heizluftraum1.jpg 370w\" sizes=\"auto, (max-width: 150px) 100vw, 150px\" \/><\/a>\n\t\t\t<\/dt>\n\t\t\t\t<dd class='wp-caption-text gallery-caption' id='gallery-1-268'>\n\t\t\t\theizluftraum  1984\n\t\t\t\t<\/dd><\/dl><dl class='gallery-item'>\n\t\t\t<dt class='gallery-icon landscape'>\n\t\t\t\t<a href='https:\/\/zzzfilm.com\/zzz\/skulpturen-objekte-fotografien\/projekte-und-ausstellungen-1983-1997\/heizluftraum2\/'><img loading=\"lazy\" decoding=\"async\" width=\"150\" height=\"102\" src=\"https:\/\/zzzfilm.com\/zzz\/wp-content\/uploads\/2011\/10\/heizluftraum2-150x102.jpg\" class=\"attachment-thumbnail size-thumbnail\" alt=\"heizluftraum 1984\" aria-describedby=\"gallery-1-269\" srcset=\"https:\/\/zzzfilm.com\/zzz\/wp-content\/uploads\/2011\/10\/heizluftraum2-150x102.jpg 150w, https:\/\/zzzfilm.com\/zzz\/wp-content\/uploads\/2011\/10\/heizluftraum2-300x204.jpg 300w, https:\/\/zzzfilm.com\/zzz\/wp-content\/uploads\/2011\/10\/heizluftraum2.jpg 370w\" sizes=\"auto, (max-width: 150px) 100vw, 150px\" \/><\/a>\n\t\t\t<\/dt>\n\t\t\t\t<dd class='wp-caption-text gallery-caption' id='gallery-1-269'>\n\t\t\t\theizluftraum  1984\n\t\t\t\t<\/dd><\/dl><dl class='gallery-item'>\n\t\t\t<dt class='gallery-icon landscape'>\n\t\t\t\t<a href='https:\/\/zzzfilm.com\/zzz\/skulpturen-objekte-fotografien\/projekte-und-ausstellungen-1983-1997\/minigolf\/'><img loading=\"lazy\" decoding=\"async\" width=\"150\" height=\"99\" src=\"https:\/\/zzzfilm.com\/zzz\/wp-content\/uploads\/2011\/10\/minigolf-150x99.jpg\" class=\"attachment-thumbnail size-thumbnail\" alt=\"minigolf klangskulptur 1984\" aria-describedby=\"gallery-1-270\" srcset=\"https:\/\/zzzfilm.com\/zzz\/wp-content\/uploads\/2011\/10\/minigolf-150x99.jpg 150w, https:\/\/zzzfilm.com\/zzz\/wp-content\/uploads\/2011\/10\/minigolf-300x198.jpg 300w, https:\/\/zzzfilm.com\/zzz\/wp-content\/uploads\/2011\/10\/minigolf.jpg 370w\" sizes=\"auto, (max-width: 150px) 100vw, 150px\" \/><\/a>\n\t\t\t<\/dt>\n\t\t\t\t<dd class='wp-caption-text gallery-caption' id='gallery-1-270'>\n\t\t\t\tminigolf  klangskulptur 1984 \n\t\t\t\t<\/dd><\/dl><br style=\"clear: both\" \/><dl class='gallery-item'>\n\t\t\t<dt class='gallery-icon landscape'>\n\t\t\t\t<a href='https:\/\/zzzfilm.com\/zzz\/skulpturen-objekte-fotografien\/projekte-und-ausstellungen-1983-1997\/mittelstreifen1\/'><img loading=\"lazy\" decoding=\"async\" width=\"150\" height=\"90\" src=\"https:\/\/zzzfilm.com\/zzz\/wp-content\/uploads\/2011\/10\/mittelstreifen1-150x90.jpg\" class=\"attachment-thumbnail size-thumbnail\" alt=\"mittelstreifen installation fotografie 18x24cm 1984\" aria-describedby=\"gallery-1-271\" srcset=\"https:\/\/zzzfilm.com\/zzz\/wp-content\/uploads\/2011\/10\/mittelstreifen1-150x90.jpg 150w, https:\/\/zzzfilm.com\/zzz\/wp-content\/uploads\/2011\/10\/mittelstreifen1-300x180.jpg 300w, https:\/\/zzzfilm.com\/zzz\/wp-content\/uploads\/2011\/10\/mittelstreifen1.jpg 370w\" sizes=\"auto, (max-width: 150px) 100vw, 150px\" \/><\/a>\n\t\t\t<\/dt>\n\t\t\t\t<dd class='wp-caption-text gallery-caption' id='gallery-1-271'>\n\t\t\t\tmittelstreifen  installation fotografie 18x24cm 1984\n\t\t\t\t<\/dd><\/dl><dl class='gallery-item'>\n\t\t\t<dt class='gallery-icon landscape'>\n\t\t\t\t<a href='https:\/\/zzzfilm.com\/zzz\/skulpturen-objekte-fotografien\/projekte-und-ausstellungen-1983-1997\/mittelstreifen2\/'><img loading=\"lazy\" decoding=\"async\" width=\"150\" height=\"89\" src=\"https:\/\/zzzfilm.com\/zzz\/wp-content\/uploads\/2011\/10\/mittelstreifen2-150x89.jpg\" class=\"attachment-thumbnail size-thumbnail\" alt=\"mittelstreifen installation fotografie 18x24cm 1984\" aria-describedby=\"gallery-1-272\" srcset=\"https:\/\/zzzfilm.com\/zzz\/wp-content\/uploads\/2011\/10\/mittelstreifen2-150x89.jpg 150w, https:\/\/zzzfilm.com\/zzz\/wp-content\/uploads\/2011\/10\/mittelstreifen2-300x178.jpg 300w, https:\/\/zzzfilm.com\/zzz\/wp-content\/uploads\/2011\/10\/mittelstreifen2.jpg 370w\" sizes=\"auto, (max-width: 150px) 100vw, 150px\" \/><\/a>\n\t\t\t<\/dt>\n\t\t\t\t<dd class='wp-caption-text gallery-caption' id='gallery-1-272'>\n\t\t\t\tmittelstreifen  installation fotografie 18x24cm 1984\n\t\t\t\t<\/dd><\/dl><dl class='gallery-item'>\n\t\t\t<dt class='gallery-icon portrait'>\n\t\t\t\t<a href='https:\/\/zzzfilm.com\/zzz\/skulpturen-objekte-fotografien\/projekte-und-ausstellungen-1983-1997\/tolere\/'><img loading=\"lazy\" decoding=\"async\" width=\"109\" height=\"150\" src=\"https:\/\/zzzfilm.com\/zzz\/wp-content\/uploads\/2011\/10\/tolere-109x150.jpg\" class=\"attachment-thumbnail size-thumbnail\" alt=\"Tolere\" aria-describedby=\"gallery-1-273\" srcset=\"https:\/\/zzzfilm.com\/zzz\/wp-content\/uploads\/2011\/10\/tolere-109x150.jpg 109w, https:\/\/zzzfilm.com\/zzz\/wp-content\/uploads\/2011\/10\/tolere-219x300.jpg 219w, https:\/\/zzzfilm.com\/zzz\/wp-content\/uploads\/2011\/10\/tolere.jpg 300w\" sizes=\"auto, (max-width: 109px) 100vw, 109px\" \/><\/a>\n\t\t\t<\/dt>\n\t\t\t\t<dd class='wp-caption-text gallery-caption' id='gallery-1-273'>\n\t\t\t\tB21F Tol\u00e9r\u00e9  installation fotografie 18x24cm 1987\n\t\t\t\t<\/dd><\/dl><dl class='gallery-item'>\n\t\t\t<dt class='gallery-icon portrait'>\n\t\t\t\t<a href='https:\/\/zzzfilm.com\/zzz\/skulpturen-objekte-fotografien\/projekte-und-ausstellungen-1983-1997\/einfahrtverboten\/'><img loading=\"lazy\" decoding=\"async\" width=\"116\" height=\"150\" src=\"https:\/\/zzzfilm.com\/zzz\/wp-content\/uploads\/2011\/10\/einfahrtverboten-116x150.jpg\" class=\"attachment-thumbnail size-thumbnail\" alt=\"Einfahrt verboten\" aria-describedby=\"gallery-1-274\" srcset=\"https:\/\/zzzfilm.com\/zzz\/wp-content\/uploads\/2011\/10\/einfahrtverboten-116x150.jpg 116w, https:\/\/zzzfilm.com\/zzz\/wp-content\/uploads\/2011\/10\/einfahrtverboten-231x300.jpg 231w, https:\/\/zzzfilm.com\/zzz\/wp-content\/uploads\/2011\/10\/einfahrtverboten.jpg 300w\" sizes=\"auto, (max-width: 116px) 100vw, 116px\" \/><\/a>\n\t\t\t<\/dt>\n\t\t\t\t<dd class='wp-caption-text gallery-caption' id='gallery-1-274'>\n\t\t\t\teinfahrt verboten  \u00a7 41 StVO 1 Zeichen 267 schaumstoff installation 1988\n\t\t\t\t<\/dd><\/dl><br style=\"clear: both\" \/><dl class='gallery-item'>\n\t\t\t<dt class='gallery-icon landscape'>\n\t\t\t\t<a href='https:\/\/zzzfilm.com\/zzz\/skulpturen-objekte-fotografien\/projekte-und-ausstellungen-1983-1997\/auto1\/'><img loading=\"lazy\" decoding=\"async\" width=\"150\" height=\"108\" src=\"https:\/\/zzzfilm.com\/zzz\/wp-content\/uploads\/2011\/10\/auto1-150x108.jpg\" class=\"attachment-thumbnail size-thumbnail\" alt=\"autowrack\" aria-describedby=\"gallery-1-275\" srcset=\"https:\/\/zzzfilm.com\/zzz\/wp-content\/uploads\/2011\/10\/auto1-150x108.jpg 150w, https:\/\/zzzfilm.com\/zzz\/wp-content\/uploads\/2011\/10\/auto1-300x216.jpg 300w, https:\/\/zzzfilm.com\/zzz\/wp-content\/uploads\/2011\/10\/auto1.jpg 370w\" sizes=\"auto, (max-width: 150px) 100vw, 150px\" \/><\/a>\n\t\t\t<\/dt>\n\t\t\t\t<dd class='wp-caption-text gallery-caption' id='gallery-1-275'>\n\t\t\t\tautowrack elektrodraht  impulsgenerator\/weidezaun\/autopolitur spr\u00fchlack installation 1983  die vorhanden gewesenen, gelben fl\u00e4chen am auto sind aufpoliert. die weidezaunst\u00e4be sind mit karosseriefarbe lackiert.\n\t\t\t\t<\/dd><\/dl><dl class='gallery-item'>\n\t\t\t<dt class='gallery-icon landscape'>\n\t\t\t\t<a href='https:\/\/zzzfilm.com\/zzz\/skulpturen-objekte-fotografien\/projekte-und-ausstellungen-1983-1997\/auto2klein\/'><img loading=\"lazy\" decoding=\"async\" width=\"150\" height=\"103\" src=\"https:\/\/zzzfilm.com\/zzz\/wp-content\/uploads\/2011\/10\/auto2klein-150x103.jpg\" class=\"attachment-thumbnail size-thumbnail\" alt=\"autowrack\" aria-describedby=\"gallery-1-276\" srcset=\"https:\/\/zzzfilm.com\/zzz\/wp-content\/uploads\/2011\/10\/auto2klein-150x103.jpg 150w, https:\/\/zzzfilm.com\/zzz\/wp-content\/uploads\/2011\/10\/auto2klein.jpg 185w\" sizes=\"auto, (max-width: 150px) 100vw, 150px\" \/><\/a>\n\t\t\t<\/dt>\n\t\t\t\t<dd class='wp-caption-text gallery-caption' id='gallery-1-276'>\n\t\t\t\tautowrack elektrodraht  impulsgenerator\/weidezaun\/autopolitur spr\u00fchlack installation 1983\n\t\t\t\t<\/dd><\/dl><dl class='gallery-item'>\n\t\t\t<dt class='gallery-icon landscape'>\n\t\t\t\t<a href='https:\/\/zzzfilm.com\/zzz\/skulpturen-objekte-fotografien\/projekte-und-ausstellungen-1983-1997\/auto3klein\/'><img loading=\"lazy\" decoding=\"async\" width=\"150\" height=\"103\" src=\"https:\/\/zzzfilm.com\/zzz\/wp-content\/uploads\/2011\/10\/auto3klein-150x103.jpg\" class=\"attachment-thumbnail size-thumbnail\" alt=\"autowrack\" aria-describedby=\"gallery-1-277\" srcset=\"https:\/\/zzzfilm.com\/zzz\/wp-content\/uploads\/2011\/10\/auto3klein-150x103.jpg 150w, https:\/\/zzzfilm.com\/zzz\/wp-content\/uploads\/2011\/10\/auto3klein.jpg 185w\" sizes=\"auto, (max-width: 150px) 100vw, 150px\" \/><\/a>\n\t\t\t<\/dt>\n\t\t\t\t<dd class='wp-caption-text gallery-caption' id='gallery-1-277'>\n\t\t\t\tautowrack elektrodraht  impulsgenerator\/weidezaun\/autopolitur spr\u00fchlack installation 1983\n\t\t\t\t<\/dd><\/dl><dl class='gallery-item'>\n\t\t\t<dt class='gallery-icon landscape'>\n\t\t\t\t<a href='https:\/\/zzzfilm.com\/zzz\/skulpturen-objekte-fotografien\/projekte-und-ausstellungen-1983-1997\/thumb-tempo\/'><img loading=\"lazy\" decoding=\"async\" width=\"147\" height=\"100\" src=\"https:\/\/zzzfilm.com\/zzz\/wp-content\/uploads\/2011\/10\/thumb-tempo.jpg\" class=\"attachment-thumbnail size-thumbnail\" alt=\"te-mpo\" aria-describedby=\"gallery-1-279\" \/><\/a>\n\t\t\t<\/dt>\n\t\t\t\t<dd class='wp-caption-text gallery-caption' id='gallery-1-279'>\n\t\t\t\tte-mpo  > klangskulptur (Flash4) installation 1987\n\t\t\t\t<\/dd><\/dl><br style=\"clear: both\" \/><dl class='gallery-item'>\n\t\t\t<dt class='gallery-icon landscape'>\n\t\t\t\t<a href='https:\/\/zzzfilm.com\/zzz\/skulpturen-objekte-fotografien\/projekte-und-ausstellungen-1983-1997\/akt1\/'><img loading=\"lazy\" decoding=\"async\" width=\"150\" height=\"139\" src=\"https:\/\/zzzfilm.com\/zzz\/wp-content\/uploads\/2011\/10\/akt1-150x139.jpg\" class=\"attachment-thumbnail size-thumbnail\" alt=\"akt.mime\" aria-describedby=\"gallery-1-281\" srcset=\"https:\/\/zzzfilm.com\/zzz\/wp-content\/uploads\/2011\/10\/akt1-150x139.jpg 150w, https:\/\/zzzfilm.com\/zzz\/wp-content\/uploads\/2011\/10\/akt1-300x278.jpg 300w, https:\/\/zzzfilm.com\/zzz\/wp-content\/uploads\/2011\/10\/akt1.jpg 328w\" sizes=\"auto, (max-width: 150px) 100vw, 150px\" \/><\/a>\n\t\t\t<\/dt>\n\t\t\t\t<dd class='wp-caption-text gallery-caption' id='gallery-1-281'>\n\t\t\t\takt.mime  skulptur 1991\n\t\t\t\t<\/dd><\/dl><dl class='gallery-item'>\n\t\t\t<dt class='gallery-icon landscape'>\n\t\t\t\t<a href='https:\/\/zzzfilm.com\/zzz\/skulpturen-objekte-fotografien\/projekte-und-ausstellungen-1983-1997\/akt2\/'><img loading=\"lazy\" decoding=\"async\" width=\"150\" height=\"139\" src=\"https:\/\/zzzfilm.com\/zzz\/wp-content\/uploads\/2011\/10\/akt2-150x139.jpg\" class=\"attachment-thumbnail size-thumbnail\" alt=\"akt.mime\" aria-describedby=\"gallery-1-282\" srcset=\"https:\/\/zzzfilm.com\/zzz\/wp-content\/uploads\/2011\/10\/akt2-150x139.jpg 150w, https:\/\/zzzfilm.com\/zzz\/wp-content\/uploads\/2011\/10\/akt2-300x278.jpg 300w, https:\/\/zzzfilm.com\/zzz\/wp-content\/uploads\/2011\/10\/akt2.jpg 328w\" sizes=\"auto, (max-width: 150px) 100vw, 150px\" \/><\/a>\n\t\t\t<\/dt>\n\t\t\t\t<dd class='wp-caption-text gallery-caption' id='gallery-1-282'>\n\t\t\t\takt.mime  skulptur 1991\n\t\t\t\t<\/dd><\/dl>\n\t\t\t<br style='clear: both' \/>\n\t\t<\/div>\n\n","protected":false},"excerpt":{"rendered":"","protected":false},"author":1,"featured_media":0,"parent":255,"menu_order":0,"comment_status":"closed","ping_status":"closed","template":"","meta":{"footnotes":""},"class_list":["post-261","page","type-page","status-publish","hentry"],"_links":{"self":[{"href":"https:\/\/zzzfilm.com\/zzz\/wp-json\/wp\/v2\/pages\/261","targetHints":{"allow":["GET"]}}],"collection":[{"href":"https:\/\/zzzfilm.com\/zzz\/wp-json\/wp\/v2\/pages"}],"about":[{"href":"https:\/\/zzzfilm.com\/zzz\/wp-json\/wp\/v2\/types\/page"}],"author":[{"embeddable":true,"href":"https:\/\/zzzfilm.com\/zzz\/wp-json\/wp\/v2\/users\/1"}],"replies":[{"embeddable":true,"href":"https:\/\/zzzfilm.com\/zzz\/wp-json\/wp\/v2\/comments?post=261"}],"version-history":[{"count":33,"href":"https:\/\/zzzfilm.com\/zzz\/wp-json\/wp\/v2\/pages\/261\/revisions"}],"predecessor-version":[{"id":709,"href":"https:\/\/zzzfilm.com\/zzz\/wp-json\/wp\/v2\/pages\/261\/revisions\/709"}],"up":[{"embeddable":true,"href":"https:\/\/zzzfilm.com\/zzz\/wp-json\/wp\/v2\/pages\/255"}],"wp:attachment":[{"href":"https:\/\/zzzfilm.com\/zzz\/wp-json\/wp\/v2\/media?parent=261"}],"curies":[{"name":"wp","href":"https:\/\/api.w.org\/{rel}","templated":true}]}}