{"id":561,"date":"2018-03-20T01:14:48","date_gmt":"2018-03-20T00:14:48","guid":{"rendered":"https:\/\/zzzfilm.com\/zzz\/?page_id=561"},"modified":"2018-03-20T01:14:48","modified_gmt":"2018-03-20T00:14:48","slug":"datenschutz","status":"publish","type":"page","link":"https:\/\/zzzfilm.com\/zzz\/datenschutz\/","title":{"rendered":"Datenschutz"},"content":{"rendered":"<p><span class=\"content_h1\">Datenschutzerkl\u00e4rung<\/span><\/p>\n<p class=\"content_ft\">Wir nehmen den Schutz Ihrer pers\u00f6nlichen Daten sehr ernst und befolgen dabei alle Bestimmungen der Datenschutzgesetze. Personenbezogene Daten werden auf dieser Webseite nicht erhoben. Falls pers\u00f6nliche Daten f\u00fcr die Abwicklung einer Anfrage erhoben werden, so werden sie nur im Rahmen dieses Zweckes verwendet und verarbeitet. Die Angabe der Daten ist freiwillig. Sie werden unter keinen Umst\u00e4nden an Dritte weitergegeben oder verkauft.<\/p>\n<p class=\"content_ft\"><strong>Statistische Daten <\/strong><br \/>\nIn der Regel ist eine anonyme Nutzung unserer Internetseiten ohne Angabe von pers\u00f6nlichen Daten m\u00f6glich. F\u00fcr statistische Zwecke \u00fcbermittelt Ihr Browser automatisch die folgenden aufgelisteten Daten, die tempor\u00e4r in einer Datenbank auf einem Server gespeichert werden:<br \/>\n\u2022 Browsertyp und Version<br \/>\n\u2022 Das von Ihnen verwendete Betriebssystem<br \/>\n\u2022 Die von Ihnen zuletzt besuchte Seite, von der aus Sie zu unseren Webseiten gelangt sind<br \/>\n\u2022 Hostname des zugreifenden Rechners (IP Adresse)<br \/>\n\u2022 Uhrzeit des Aufrufs unserer Seiten, je nach Einstellung auch der Tag.<br \/>\nWir verwenden diese Informationen, um die Attraktivit\u00e4t unserer Websites zu ermitteln und deren Inhalt zu verbessern. Wir k\u00f6nnen diese Daten jedoch nicht einzelnen Personen zuordnen, sie bleiben f\u00fcr uns anonym.<\/p>\n<p class=\"content_ft\"><strong>Cookies<\/strong><br \/>\nDiese Webseiten verwenden keine so genannten Cookies.<\/p>\n<p class=\"content_ft\"><strong>Webanalyse- und Marketingdienste<\/strong><br \/>\nDiese Webseiten verwenden weder Google Analytics noch andere Analysedienste oder Analysetools.<\/p>\n<p class=\"content_ft\"><strong>Auskunftsrecht<\/strong><br \/>\nSie k\u00f6nnen sich jederzeit kostenfrei \u00fcber die von Ihnen gespeicherten Daten informieren. Bitte setzen Sie sich diesbez\u00fcglich mit uns in Kontakt.<\/p>\n<p class=\"content_ft\"><strong>Widerufsrecht zur Datennutzung<\/strong><br \/>\nDie Einwilligung zur Speicherung Ihrer pers\u00f6nlichen Daten kann selbstverst\u00e4ndlich jederzeit widerrufen werden. Bitte setzen Sie sich mit uns in Verbindung um \u00c4nderungen oder L\u00f6schungen zu veranlassen.<\/p>\n","protected":false},"excerpt":{"rendered":"<p>Datenschutzerkl\u00e4rung Wir nehmen den Schutz Ihrer pers\u00f6nlichen Daten sehr ernst und befolgen dabei alle Bestimmungen der Datenschutzgesetze. Personenbezogene Daten werden auf dieser Webseite nicht erhoben. Falls pers\u00f6nliche Daten f\u00fcr die Abwicklung einer Anfrage erhoben werden, so werden sie nur im &hellip; <a href=\"https:\/\/zzzfilm.com\/zzz\/datenschutz\/\">Weiterlesen <span class=\"meta-nav\">&rarr;<\/span><\/a><\/p>\n","protected":false},"author":3,"featured_media":0,"parent":0,"menu_order":0,"comment_status":"closed","ping_status":"closed","template":"","meta":{"footnotes":""},"class_list":["post-561","page","type-page","status-publish","hentry"],"_links":{"self":[{"href":"https:\/\/zzzfilm.com\/zzz\/wp-json\/wp\/v2\/pages\/561","targetHints":{"allow":["GET"]}}],"collection":[{"href":"https:\/\/zzzfilm.com\/zzz\/wp-json\/wp\/v2\/pages"}],"about":[{"href":"https:\/\/zzzfilm.com\/zzz\/wp-json\/wp\/v2\/types\/page"}],"author":[{"embeddable":true,"href":"https:\/\/zzzfilm.com\/zzz\/wp-json\/wp\/v2\/users\/3"}],"replies":[{"embeddable":true,"href":"https:\/\/zzzfilm.com\/zzz\/wp-json\/wp\/v2\/comments?post=561"}],"version-history":[{"count":1,"href":"https:\/\/zzzfilm.com\/zzz\/wp-json\/wp\/v2\/pages\/561\/revisions"}],"predecessor-version":[{"id":562,"href":"https:\/\/zzzfilm.com\/zzz\/wp-json\/wp\/v2\/pages\/561\/revisions\/562"}],"wp:attachment":[{"href":"https:\/\/zzzfilm.com\/zzz\/wp-json\/wp\/v2\/media?parent=561"}],"curies":[{"name":"wp","href":"https:\/\/api.w.org\/{rel}","templated":true}]}}