{"id":62,"date":"2011-10-24T12:57:38","date_gmt":"2011-10-24T12:57:38","guid":{"rendered":"https:\/\/zzzfilm.com\/zzz\/?page_id=62"},"modified":"2011-10-24T13:34:38","modified_gmt":"2011-10-24T13:34:38","slug":"boatpeople-stabliste","status":"publish","type":"page","link":"https:\/\/zzzfilm.com\/zzz\/filme\/unterwegs\/boatpeople-stabliste\/","title":{"rendered":"Boatpeople Stabliste"},"content":{"rendered":"<p><a href=\"https:\/\/zzzfilm.com\/zzz\/?page_id=28\"><img loading=\"lazy\" decoding=\"async\" src=\"https:\/\/zzzfilm.com\/zzz\/wp-content\/uploads\/2011\/10\/boatpeople.jpg\" alt=\"Boatpeople Dokumentarvideo 2003\" title=\"BOATPEOPLE\" width=\"180\" height=\"120\" class=\"size-full wp-image-19\" srcset=\"https:\/\/zzzfilm.com\/zzz\/wp-content\/uploads\/2011\/10\/boatpeople.jpg 180w, https:\/\/zzzfilm.com\/zzz\/wp-content\/uploads\/2011\/10\/boatpeople-150x100.jpg 150w\" sizes=\"auto, (max-width: 180px) 100vw, 180px\" \/><\/a><\/p>\n<p>Buch: \tAnnett Meinke<br \/>\nMartin Zawadzki<\/p>\n<p>Regie, Schnitt: \tMartin Zawadzki<\/p>\n<p>Kamera:<br \/>\n\tRalph Netzer<br \/>\nTien Tran<\/p>\n<p>Ton: \tFrank Roskam<\/p>\n<p>Regieassistenz: \tAnnett Meinke<\/p>\n<p>Schnittberatung: \tViola Rusche<\/p>\n<p>Tonbearbeitung: \tDietrich K\u00f6rner<\/p>\n<p>Musik: \tKarl Hoffmann<\/p>\n<p>\u00dcbersetzung: \tPham Houng Giang<\/p>\n<p>Produktionsleitung: \tMike Schl\u00f6mer<\/p>\n<p>Die Mitwirkenden:<\/p>\n<p>Nguyen Thi Nga<br \/>\nund ihre Familie<\/p>\n<p>Die Eltern Lam Thi San<br \/>\nNguyen Ban<\/p>\n<p>Ihre Schwester Le Thi My<\/p>\n<p>Der leibliche Vater Le Van Thiet<\/p>\n<p>Jazzband \tHotel New World<\/p>\n<p>Barpianist \tNguyen Thanh Binh Dinh<\/p>\n<p>Tabakfabrik Villiger &#038; S\u00f6hne<br \/>\nMarketing \tNorbert Schelkle<br \/>\nund<br \/>\nAndreas Lehmann<br \/>\nSimone Hees<br \/>\nElisabeth Silva<br \/>\nChristoph A. Puszkar<br \/>\nClaudia Puszkar<br \/>\nPetra G\u00fcmpel<\/p>\n<p>Werbeagentur Maiers B\u00fcro \tUdo Albrecht<\/p>\n<p>Die ehemaligen Caritas-<br \/>\nMitarbeiterinnen \tMathilde Lang<br \/>\nRuth Rzany<\/p>\n<p>Der Lehrer und Freund<br \/>\nder Familie Nguyen \tReinhard Frank<\/p>\n<p>Internat Kloster Wald \tSchwester Michaele Csordas<\/p>\n<p>Die Lehrer \tPeter Lauck<br \/>\nGuido Haas<\/p>\n<p>Holzbildhauermeisterin \tAdelheid Anthauer<\/p>\n<p>Die Freundin aus dem Internat \tAlexandra Kallenberg + Baby Samuel<\/p>\n<p>Redaktion Das kleine Fernsehspiel \tClaudia Tronnier<\/p>\n<p>Eine Gemeinschaftsproduktion von<br \/>\nzzzfilm &#8211; Martin Zawadzki und<br \/>\nM. Schl\u00f6mer Filmproduktion<\/p>\n<p>Gef\u00f6rdert mit Mitteln der Mfg Baden W\u00fcrttemberg<\/p>\n<p>Im Auftrag des ZDF<\/p>\n<p>\u00a9 ZDF 2003<\/p>\n","protected":false},"excerpt":{"rendered":"<p>Buch: Annett Meinke Martin Zawadzki Regie, Schnitt: Martin Zawadzki Kamera: Ralph Netzer Tien Tran Ton: Frank Roskam Regieassistenz: Annett Meinke Schnittberatung: Viola Rusche Tonbearbeitung: Dietrich K\u00f6rner Musik: Karl Hoffmann \u00dcbersetzung: Pham Houng Giang Produktionsleitung: Mike Schl\u00f6mer Die Mitwirkenden: Nguyen Thi &hellip; <a href=\"https:\/\/zzzfilm.com\/zzz\/filme\/unterwegs\/boatpeople-stabliste\/\">Weiterlesen <span class=\"meta-nav\">&rarr;<\/span><\/a><\/p>\n","protected":false},"author":1,"featured_media":0,"parent":28,"menu_order":0,"comment_status":"open","ping_status":"open","template":"page_0probe.php","meta":{"footnotes":""},"class_list":["post-62","page","type-page","status-publish","hentry"],"_links":{"self":[{"href":"https:\/\/zzzfilm.com\/zzz\/wp-json\/wp\/v2\/pages\/62","targetHints":{"allow":["GET"]}}],"collection":[{"href":"https:\/\/zzzfilm.com\/zzz\/wp-json\/wp\/v2\/pages"}],"about":[{"href":"https:\/\/zzzfilm.com\/zzz\/wp-json\/wp\/v2\/types\/page"}],"author":[{"embeddable":true,"href":"https:\/\/zzzfilm.com\/zzz\/wp-json\/wp\/v2\/users\/1"}],"replies":[{"embeddable":true,"href":"https:\/\/zzzfilm.com\/zzz\/wp-json\/wp\/v2\/comments?post=62"}],"version-history":[{"count":6,"href":"https:\/\/zzzfilm.com\/zzz\/wp-json\/wp\/v2\/pages\/62\/revisions"}],"predecessor-version":[{"id":115,"href":"https:\/\/zzzfilm.com\/zzz\/wp-json\/wp\/v2\/pages\/62\/revisions\/115"}],"up":[{"embeddable":true,"href":"https:\/\/zzzfilm.com\/zzz\/wp-json\/wp\/v2\/pages\/28"}],"wp:attachment":[{"href":"https:\/\/zzzfilm.com\/zzz\/wp-json\/wp\/v2\/media?parent=62"}],"curies":[{"name":"wp","href":"https:\/\/api.w.org\/{rel}","templated":true}]}}