{"id":78,"date":"2011-10-24T13:05:30","date_gmt":"2011-10-24T13:05:30","guid":{"rendered":"https:\/\/zzzfilm.com\/zzz\/?page_id=78"},"modified":"2011-10-24T13:36:24","modified_gmt":"2011-10-24T13:36:24","slug":"herzklopfen-presse","status":"publish","type":"page","link":"https:\/\/zzzfilm.com\/zzz\/filme\/herzklopfen\/herzklopfen-presse\/","title":{"rendered":"Herzklopfen Presse"},"content":{"rendered":"<p><a href=\"https:\/\/zzzfilm.com\/zzz\/?page_id=55\"><img loading=\"lazy\" decoding=\"async\" src=\"https:\/\/zzzfilm.com\/zzz\/wp-content\/uploads\/2011\/10\/herzklopfen.jpg\" alt=\"Herzklopfen Dokumentarvideo 2002\" title=\"HERZKLOPFEN\" width=\"180\" height=\"120\" class=\"size-full wp-image-18\" srcset=\"https:\/\/zzzfilm.com\/zzz\/wp-content\/uploads\/2011\/10\/herzklopfen.jpg 180w, https:\/\/zzzfilm.com\/zzz\/wp-content\/uploads\/2011\/10\/herzklopfen-150x100.jpg 150w\" sizes=\"auto, (max-width: 180px) 100vw, 180px\" \/><\/a><\/p>\n<p>Neue OZ, 26.07.2003<br \/>\nVorab gesehen: Themenabend: Von Herzen &#8211; Arte, 20.45 Uhr<br \/>\nK\u00f6nnen Herzen eigentlich denken?<br \/>\nVon Frank J\u00fcrgens<\/p>\n<p>In s\u00e4mtlichen Kulturen unseres Planeten gilt das Herz nicht nur als jenes starke, imponierende Organ, als Hohlmuskel mit der ausdauernden Funktion, Blut durch unseren K\u00f6rper zu saugen und zu pumpen. Es gilt auch als Synonym f\u00fcr alle erdenklichen Gef\u00fchlslagen. Es wird mythologisiert, gar heilig gesprochen. Der ungl\u00fccklich Verliebte tr\u00e4gt ein gebrochenes Herz in seiner Brust. Dem \u00c4ngstlichen rutscht das Herz in die Hose. Und wer nicht mit dem Kopf, sondern mit dem Herzen denkt, gilt als &#8211; nat\u00fcrlich &#8211; warmherziger Mensch. Die alten \u00c4gypter haben ihren sogar Toten das Gehirn entfernt, aber das Herz konserviert. Als Symbol der Seele besitzt es Ewigkeitscharakter.<\/p>\n<p>,,Von Herzen&#8220; handelt denn auch der Arte-Themenabend am Sonntag. Es geht nicht nur um gespendete und gerettete Herzen, sondern auch um all die mythischen R\u00e4tsel hinter dem Organ, das zwar scheinbar tumb, aber hoffentlich doch zuverl\u00e4ssig in unserer Brust schl\u00e4gt.<\/p>\n<p>Zum Auftakt l\u00e4uft der subtile Psychothriller ,,Heart &#8211; Jeder kann sein Herz verlieren&#8220;. Ein Mann lernt die Mutter jenes Organspenders kennen, dessen Herz sein Leben gerettet hat. Eine obsessive Beziehung zwischen den beiden beginnt bald aus dem Ruder zu laufen. Der verst\u00f6rende Film erinnert in seiner be\u00e4ngstigend atmosph\u00e4rischen Dichte an die britische Serie ,,Cracker &#8211; F\u00fcr alle F\u00e4lle Fitz&#8220;, f\u00fcr die das Drehbuch von ,,Fitz&#8220;-Autor Jimmy McGovern auch urspr\u00fcnglich konzipiert wurde.<\/p>\n<p>Andrea Kalin portr\u00e4tiert in der folgenden Dokumentation ,,Partner im Herzen&#8220; das Leben zweier M\u00e4nner, die die Herzchirurgie im Jahre 1944 revolutioniert haben. Am John Hopkins Hospital im US-amerikanischen Baltimore gelang es zwei \u00c4rzten erstmals, einem ,,Blue Baby&#8220; durch einen operativen Eingriff das Leben zu retten. Einer der beiden war Alfred Blalock, ein angesehener Chrirurg. Der andere, Vivien Thomas, war Afro-Amerikaner und arbeitete zun\u00e4chst als Hausmeister in der Klinik.<\/p>\n<p>Auch wenn Blalock Thomas als gleichwertigen Partner betrachtete, erntete Thomas in der \u00d6ffentlichkeit nichts als Vorurteile und Rassismus. Erst lange nach offizieller Aufhebung der Rassenschranken in den USA erhielt er erste Anerkennungen f\u00fcr seine bahnbrechende Arbeit mit seinem Partner und Freund Blalock.<\/p>\n<p>Zum Abschluss dokumentiert Martin Zawadzki zwei Menschen, die auf der Herzempf\u00e4ngerliste des Klinikums Bad Oeynhausen stehen. Ihre Zukunft ist ungewiss, jeden Moment kann ein passendes Spenderorgan eintreffen. Der Rest ist Warten. Wie gehen die Betroffenen, ihre Familien, die Angeh\u00f6rigen und Freunde mit dem bangen Warten um? Was f\u00fcr Fragen stellt man sich? Ist dies nicht auch ein Warten auf den Tod eines anderen Menschen? Zawadzki f\u00e4ngt ungemein intensive Momente voller Wahrhaftigkeit ein. Ohne jeden st\u00f6renden Off-Kommentar kommen die Betroffenen zu Wort. Auch Angeh\u00f6rige einer Toten, die ihre Organe zum Spenden freigegeben hat, sowie \u00c4rzte finden in dieser Dokumentation Geh\u00f6r. Dabei wird auch der hawaiianische Kardiologe Dr. Paul Pearsall mit seiner These vorgestellt, dass das Herz tats\u00e4chlich denken und f\u00fchlen k\u00f6nne.<\/p>\n","protected":false},"excerpt":{"rendered":"<p>Neue OZ, 26.07.2003 Vorab gesehen: Themenabend: Von Herzen &#8211; Arte, 20.45 Uhr K\u00f6nnen Herzen eigentlich denken? Von Frank J\u00fcrgens In s\u00e4mtlichen Kulturen unseres Planeten gilt das Herz nicht nur als jenes starke, imponierende Organ, als Hohlmuskel mit der ausdauernden Funktion, &hellip; <a href=\"https:\/\/zzzfilm.com\/zzz\/filme\/herzklopfen\/herzklopfen-presse\/\">Weiterlesen <span class=\"meta-nav\">&rarr;<\/span><\/a><\/p>\n","protected":false},"author":1,"featured_media":0,"parent":55,"menu_order":0,"comment_status":"open","ping_status":"open","template":"page_0probe.php","meta":{"footnotes":""},"class_list":["post-78","page","type-page","status-publish","hentry"],"_links":{"self":[{"href":"https:\/\/zzzfilm.com\/zzz\/wp-json\/wp\/v2\/pages\/78","targetHints":{"allow":["GET"]}}],"collection":[{"href":"https:\/\/zzzfilm.com\/zzz\/wp-json\/wp\/v2\/pages"}],"about":[{"href":"https:\/\/zzzfilm.com\/zzz\/wp-json\/wp\/v2\/types\/page"}],"author":[{"embeddable":true,"href":"https:\/\/zzzfilm.com\/zzz\/wp-json\/wp\/v2\/users\/1"}],"replies":[{"embeddable":true,"href":"https:\/\/zzzfilm.com\/zzz\/wp-json\/wp\/v2\/comments?post=78"}],"version-history":[{"count":4,"href":"https:\/\/zzzfilm.com\/zzz\/wp-json\/wp\/v2\/pages\/78\/revisions"}],"predecessor-version":[{"id":120,"href":"https:\/\/zzzfilm.com\/zzz\/wp-json\/wp\/v2\/pages\/78\/revisions\/120"}],"up":[{"embeddable":true,"href":"https:\/\/zzzfilm.com\/zzz\/wp-json\/wp\/v2\/pages\/55"}],"wp:attachment":[{"href":"https:\/\/zzzfilm.com\/zzz\/wp-json\/wp\/v2\/media?parent=78"}],"curies":[{"name":"wp","href":"https:\/\/api.w.org\/{rel}","templated":true}]}}